{"id":498,"date":"2023-01-13T21:41:29","date_gmt":"2023-01-13T21:41:29","guid":{"rendered":"https:\/\/alvaroorlandoperez.com.co\/?page_id=498"},"modified":"2023-02-02T16:22:09","modified_gmt":"2023-02-02T16:22:09","slug":"curso-de-criminologia","status":"publish","type":"page","link":"https:\/\/alvaroorlandoperez.com.co\/?page_id=498","title":{"rendered":"Curso de criminologia"},"content":{"rendered":"\t\t<div data-elementor-type=\"wp-page\" data-elementor-id=\"498\" class=\"elementor elementor-498\">\n\t\t\t\t\t\t\t\t\t<section class=\"elementor-section elementor-top-section elementor-element elementor-element-3277a7b elementor-section-boxed elementor-section-height-default elementor-section-height-default\" data-id=\"3277a7b\" data-element_type=\"section\">\n\t\t\t\t\t\t<div class=\"elementor-container elementor-column-gap-default\">\n\t\t\t\t\t<div class=\"elementor-column elementor-col-100 elementor-top-column elementor-element elementor-element-13a6bea\" data-id=\"13a6bea\" data-element_type=\"column\">\n\t\t\t<div class=\"elementor-widget-wrap elementor-element-populated\">\n\t\t\t\t\t\t\t\t<div class=\"elementor-element elementor-element-8da8de5 elementor-widget elementor-widget-spacer\" data-id=\"8da8de5\" data-element_type=\"widget\" data-widget_type=\"spacer.default\">\n\t\t\t\t<div class=\"elementor-widget-container\">\n\t\t\t<style>\/*! elementor - v3.10.0 - 09-01-2023 *\/\n.elementor-column .elementor-spacer-inner{height:var(--spacer-size)}.e-con{--container-widget-width:100%}.e-con-inner>.elementor-widget-spacer,.e-con>.elementor-widget-spacer{width:var(--container-widget-width,var(--spacer-size));--align-self:var(--container-widget-align-self,initial);--flex-shrink:0}.e-con-inner>.elementor-widget-spacer>.elementor-widget-container,.e-con-inner>.elementor-widget-spacer>.elementor-widget-container>.elementor-spacer,.e-con>.elementor-widget-spacer>.elementor-widget-container,.e-con>.elementor-widget-spacer>.elementor-widget-container>.elementor-spacer{height:100%}.e-con-inner>.elementor-widget-spacer>.elementor-widget-container>.elementor-spacer>.elementor-spacer-inner,.e-con>.elementor-widget-spacer>.elementor-widget-container>.elementor-spacer>.elementor-spacer-inner{height:var(--container-widget-height,var(--spacer-size))}<\/style>\t\t<div class=\"elementor-spacer\">\n\t\t\t<div class=\"elementor-spacer-inner\"><\/div>\n\t\t<\/div>\n\t\t\t\t<\/div>\n\t\t\t\t<\/div>\n\t\t\t\t\t<\/div>\n\t\t<\/div>\n\t\t\t\t\t\t\t<\/div>\n\t\t<\/section>\n\t\t\t\t<section class=\"elementor-section elementor-top-section elementor-element elementor-element-a32d283 elementor-section-boxed elementor-section-height-default elementor-section-height-default\" data-id=\"a32d283\" data-element_type=\"section\">\n\t\t\t\t\t\t<div class=\"elementor-container elementor-column-gap-default\">\n\t\t\t\t\t<div class=\"elementor-column elementor-col-50 elementor-top-column elementor-element elementor-element-e2c1926\" data-id=\"e2c1926\" data-element_type=\"column\">\n\t\t\t<div class=\"elementor-widget-wrap elementor-element-populated\">\n\t\t\t\t\t\t\t\t<div class=\"elementor-element elementor-element-d031571 elementor-widget elementor-widget-image\" data-id=\"d031571\" data-element_type=\"widget\" data-widget_type=\"image.default\">\n\t\t\t\t<div class=\"elementor-widget-container\">\n\t\t\t<style>\/*! elementor - v3.10.0 - 09-01-2023 *\/\n.elementor-widget-image{text-align:center}.elementor-widget-image a{display:inline-block}.elementor-widget-image a img[src$=\".svg\"]{width:48px}.elementor-widget-image img{vertical-align:middle;display:inline-block}<\/style>\t\t\t\t\t\t\t\t\t\t\t\t<img loading=\"lazy\" decoding=\"async\" width=\"188\" height=\"300\" src=\"https:\/\/alvaroorlandoperez.com.co\/wp-content\/uploads\/2023\/01\/3-2-188x300.png\" class=\"attachment-medium size-medium wp-image-229\" alt=\"\" srcset=\"https:\/\/alvaroorlandoperez.com.co\/wp-content\/uploads\/2023\/01\/3-2-188x300.png 188w, https:\/\/alvaroorlandoperez.com.co\/wp-content\/uploads\/2023\/01\/3-2-642x1024.png 642w, https:\/\/alvaroorlandoperez.com.co\/wp-content\/uploads\/2023\/01\/3-2-768x1226.png 768w, https:\/\/alvaroorlandoperez.com.co\/wp-content\/uploads\/2023\/01\/3-2-963x1536.png 963w, https:\/\/alvaroorlandoperez.com.co\/wp-content\/uploads\/2023\/01\/3-2-1283x2048.png 1283w, https:\/\/alvaroorlandoperez.com.co\/wp-content\/uploads\/2023\/01\/3-2.png 1410w\" sizes=\"auto, (max-width: 188px) 100vw, 188px\" \/>\t\t\t\t\t\t\t\t\t\t\t\t\t\t\t<\/div>\n\t\t\t\t<\/div>\n\t\t\t\t\t<\/div>\n\t\t<\/div>\n\t\t\t\t<div class=\"elementor-column elementor-col-50 elementor-top-column elementor-element elementor-element-94ea278\" data-id=\"94ea278\" data-element_type=\"column\">\n\t\t\t<div class=\"elementor-widget-wrap elementor-element-populated\">\n\t\t\t\t\t\t\t\t<div class=\"elementor-element elementor-element-562e1a5 elementor-widget elementor-widget-spacer\" data-id=\"562e1a5\" data-element_type=\"widget\" data-widget_type=\"spacer.default\">\n\t\t\t\t<div class=\"elementor-widget-container\">\n\t\t\t\t\t<div class=\"elementor-spacer\">\n\t\t\t<div class=\"elementor-spacer-inner\"><\/div>\n\t\t<\/div>\n\t\t\t\t<\/div>\n\t\t\t\t<\/div>\n\t\t\t\t<div class=\"elementor-element elementor-element-be2048a elementor-widget elementor-widget-heading\" data-id=\"be2048a\" data-element_type=\"widget\" data-widget_type=\"heading.default\">\n\t\t\t\t<div class=\"elementor-widget-container\">\n\t\t\t<style>\/*! elementor - v3.10.0 - 09-01-2023 *\/\n.elementor-heading-title{padding:0;margin:0;line-height:1}.elementor-widget-heading .elementor-heading-title[class*=elementor-size-]>a{color:inherit;font-size:inherit;line-height:inherit}.elementor-widget-heading .elementor-heading-title.elementor-size-small{font-size:15px}.elementor-widget-heading .elementor-heading-title.elementor-size-medium{font-size:19px}.elementor-widget-heading .elementor-heading-title.elementor-size-large{font-size:29px}.elementor-widget-heading .elementor-heading-title.elementor-size-xl{font-size:39px}.elementor-widget-heading .elementor-heading-title.elementor-size-xxl{font-size:59px}<\/style><h2 class=\"elementor-heading-title elementor-size-default\"><font style=\"vertical-align: inherit;\"><font style=\"vertical-align: inherit;\"><font style=\"vertical-align: inherit;\"><font style=\"vertical-align: inherit;\">CURSO DE <\/font><\/font><\/font><\/font><font style=\"vertical-align: inherit;\"><font style=\"vertical-align: inherit;\">CRIMINOLOG\u00cdA<\/font><\/font><\/h2>\t\t<\/div>\n\t\t\t\t<\/div>\n\t\t\t\t<div class=\"elementor-element elementor-element-df7ddbd elementor-widget elementor-widget-text-editor\" data-id=\"df7ddbd\" data-element_type=\"widget\" data-widget_type=\"text-editor.default\">\n\t\t\t\t<div class=\"elementor-widget-container\">\n\t\t\t<style>\/*! elementor - v3.10.0 - 09-01-2023 *\/\n.elementor-widget-text-editor.elementor-drop-cap-view-stacked .elementor-drop-cap{background-color:#818a91;color:#fff}.elementor-widget-text-editor.elementor-drop-cap-view-framed .elementor-drop-cap{color:#818a91;border:3px solid;background-color:transparent}.elementor-widget-text-editor:not(.elementor-drop-cap-view-default) .elementor-drop-cap{margin-top:8px}.elementor-widget-text-editor:not(.elementor-drop-cap-view-default) .elementor-drop-cap-letter{width:1em;height:1em}.elementor-widget-text-editor .elementor-drop-cap{float:left;text-align:center;line-height:1;font-size:50px}.elementor-widget-text-editor .elementor-drop-cap-letter{display:inline-block}<\/style>\t\t\t\t<p><span style=\"font-weight: 400;\"><span style=\"vertical-align: inherit;\"><span style=\"vertical-align: inherit;\"><font style=\"vertical-align: inherit;\"><font style=\"vertical-align: inherit;\">Examen especial de las denominadas \u201ccausas\u201d, \u201cfactores\u201d, \u201crazones\u201d o \u201ccontextos\u201d que pueden conducir a la persona a que realice una conducta delictiva. <\/font><\/font><\/span><span style=\"vertical-align: inherit;\"><font style=\"vertical-align: inherit;\"><font style=\"vertical-align: inherit;\">An\u00e1lisis de esas \u201ccausas\u201d desde los puntos de vista biol\u00f3gico, gen\u00e9tico, psicol\u00f3gico, antropol\u00f3gico, sociol\u00f3gico, psicosocial y pol\u00edtico. <\/font><\/font><\/span><span style=\"vertical-align: inherit;\"><font style=\"vertical-align: inherit;\"><font style=\"vertical-align: inherit;\">Estudio de la actualidad sobre la g\u00e9nesis de la conducta desviada, y de la pol\u00edtica criminal, o de los planes, instrumentos y ejecuciones de las medidas encaminadas a contrarrestarla. <\/font><\/font><\/span><span style=\"vertical-align: inherit;\"><font style=\"vertical-align: inherit;\"><font style=\"vertical-align: inherit;\">Llega a su octava edici\u00f3n.<\/font><\/font><\/span><\/span><\/span><\/p>\t\t\t\t\t\t<\/div>\n\t\t\t\t<\/div>\n\t\t\t\t\t<\/div>\n\t\t<\/div>\n\t\t\t\t\t\t\t<\/div>\n\t\t<\/section>\n\t\t\t\t\t\t\t<\/div>\n\t\t","protected":false},"excerpt":{"rendered":"<p>CURSO DE CRIMINOLOG\u00cdA Examen especial de las denominadas \u201ccausas\u201d, \u201cfactores\u201d, \u201crazones\u201d o \u201ccontextos\u201d que pueden conducir a la persona a que realice una conducta delictiva. An\u00e1lisis de esas \u201ccausas\u201d desde los puntos de vista biol\u00f3gico, gen\u00e9tico, psicol\u00f3gico, antropol\u00f3gico, sociol\u00f3gico, psicosocial y pol\u00edtico. Estudio de la actualidad sobre la g\u00e9nesis de la conducta desviada, y de [&hellip;]<\/p>\n","protected":false},"author":1,"featured_media":0,"parent":0,"menu_order":0,"comment_status":"closed","ping_status":"closed","template":"elementor_header_footer","meta":{"footnotes":""},"class_list":["post-498","page","type-page","status-publish","hentry","post"],"_links":{"self":[{"href":"https:\/\/alvaroorlandoperez.com.co\/index.php?rest_route=\/wp\/v2\/pages\/498","targetHints":{"allow":["GET"]}}],"collection":[{"href":"https:\/\/alvaroorlandoperez.com.co\/index.php?rest_route=\/wp\/v2\/pages"}],"about":[{"href":"https:\/\/alvaroorlandoperez.com.co\/index.php?rest_route=\/wp\/v2\/types\/page"}],"author":[{"embeddable":true,"href":"https:\/\/alvaroorlandoperez.com.co\/index.php?rest_route=\/wp\/v2\/users\/1"}],"replies":[{"embeddable":true,"href":"https:\/\/alvaroorlandoperez.com.co\/index.php?rest_route=%2Fwp%2Fv2%2Fcomments&post=498"}],"version-history":[{"count":6,"href":"https:\/\/alvaroorlandoperez.com.co\/index.php?rest_route=\/wp\/v2\/pages\/498\/revisions"}],"predecessor-version":[{"id":1512,"href":"https:\/\/alvaroorlandoperez.com.co\/index.php?rest_route=\/wp\/v2\/pages\/498\/revisions\/1512"}],"wp:attachment":[{"href":"https:\/\/alvaroorlandoperez.com.co\/index.php?rest_route=%2Fwp%2Fv2%2Fmedia&parent=498"}],"curies":[{"name":"wp","href":"https:\/\/api.w.org\/{rel}","templated":true}]}}