{"id":581,"date":"2023-01-13T22:26:39","date_gmt":"2023-01-13T22:26:39","guid":{"rendered":"https:\/\/alvaroorlandoperez.com.co\/?page_id=581"},"modified":"2023-02-07T21:55:38","modified_gmt":"2023-02-07T21:55:38","slug":"introduccion-a-la-psicologia-juridica","status":"publish","type":"page","link":"https:\/\/alvaroorlandoperez.com.co\/?page_id=581","title":{"rendered":"INTRODUCCI\u00d3N A LA PSICOLOG\u00cdA JUR\u00cdDICA"},"content":{"rendered":"\t\t<div data-elementor-type=\"wp-page\" data-elementor-id=\"581\" class=\"elementor elementor-581\">\n\t\t\t\t\t\t\t\t\t<section class=\"elementor-section elementor-top-section elementor-element elementor-element-9a37f58 elementor-section-boxed elementor-section-height-default elementor-section-height-default\" data-id=\"9a37f58\" data-element_type=\"section\">\n\t\t\t\t\t\t<div class=\"elementor-container elementor-column-gap-default\">\n\t\t\t\t\t<div class=\"elementor-column elementor-col-100 elementor-top-column elementor-element elementor-element-7aa2d0b\" data-id=\"7aa2d0b\" data-element_type=\"column\">\n\t\t\t<div class=\"elementor-widget-wrap elementor-element-populated\">\n\t\t\t\t\t\t\t\t<div class=\"elementor-element elementor-element-ac61a48 elementor-widget elementor-widget-spacer\" data-id=\"ac61a48\" data-element_type=\"widget\" data-widget_type=\"spacer.default\">\n\t\t\t\t<div class=\"elementor-widget-container\">\n\t\t\t<style>\/*! elementor - v3.10.0 - 09-01-2023 *\/\n.elementor-column .elementor-spacer-inner{height:var(--spacer-size)}.e-con{--container-widget-width:100%}.e-con-inner>.elementor-widget-spacer,.e-con>.elementor-widget-spacer{width:var(--container-widget-width,var(--spacer-size));--align-self:var(--container-widget-align-self,initial);--flex-shrink:0}.e-con-inner>.elementor-widget-spacer>.elementor-widget-container,.e-con-inner>.elementor-widget-spacer>.elementor-widget-container>.elementor-spacer,.e-con>.elementor-widget-spacer>.elementor-widget-container,.e-con>.elementor-widget-spacer>.elementor-widget-container>.elementor-spacer{height:100%}.e-con-inner>.elementor-widget-spacer>.elementor-widget-container>.elementor-spacer>.elementor-spacer-inner,.e-con>.elementor-widget-spacer>.elementor-widget-container>.elementor-spacer>.elementor-spacer-inner{height:var(--container-widget-height,var(--spacer-size))}<\/style>\t\t<div class=\"elementor-spacer\">\n\t\t\t<div class=\"elementor-spacer-inner\"><\/div>\n\t\t<\/div>\n\t\t\t\t<\/div>\n\t\t\t\t<\/div>\n\t\t\t\t\t<\/div>\n\t\t<\/div>\n\t\t\t\t\t\t\t<\/div>\n\t\t<\/section>\n\t\t\t\t<section class=\"elementor-section elementor-top-section elementor-element elementor-element-a32d283 elementor-section-boxed elementor-section-height-default elementor-section-height-default\" data-id=\"a32d283\" data-element_type=\"section\">\n\t\t\t\t\t\t<div class=\"elementor-container elementor-column-gap-default\">\n\t\t\t\t\t<div class=\"elementor-column elementor-col-50 elementor-top-column elementor-element elementor-element-e2c1926\" data-id=\"e2c1926\" data-element_type=\"column\">\n\t\t\t<div class=\"elementor-widget-wrap elementor-element-populated\">\n\t\t\t\t\t\t\t\t<div class=\"elementor-element elementor-element-d031571 elementor-widget elementor-widget-image\" data-id=\"d031571\" data-element_type=\"widget\" data-widget_type=\"image.default\">\n\t\t\t\t<div class=\"elementor-widget-container\">\n\t\t\t<style>\/*! elementor - v3.10.0 - 09-01-2023 *\/\n.elementor-widget-image{text-align:center}.elementor-widget-image a{display:inline-block}.elementor-widget-image a img[src$=\".svg\"]{width:48px}.elementor-widget-image img{vertical-align:middle;display:inline-block}<\/style>\t\t\t\t\t\t\t\t\t\t\t\t<img loading=\"lazy\" decoding=\"async\" width=\"188\" height=\"300\" src=\"https:\/\/alvaroorlandoperez.com.co\/wp-content\/uploads\/2023\/01\/16-2-188x300.png\" class=\"attachment-medium size-medium wp-image-399\" alt=\"\" srcset=\"https:\/\/alvaroorlandoperez.com.co\/wp-content\/uploads\/2023\/01\/16-2-188x300.png 188w, https:\/\/alvaroorlandoperez.com.co\/wp-content\/uploads\/2023\/01\/16-2-642x1024.png 642w, https:\/\/alvaroorlandoperez.com.co\/wp-content\/uploads\/2023\/01\/16-2-768x1226.png 768w, https:\/\/alvaroorlandoperez.com.co\/wp-content\/uploads\/2023\/01\/16-2-963x1536.png 963w, https:\/\/alvaroorlandoperez.com.co\/wp-content\/uploads\/2023\/01\/16-2-1283x2048.png 1283w, https:\/\/alvaroorlandoperez.com.co\/wp-content\/uploads\/2023\/01\/16-2.png 1410w\" sizes=\"auto, (max-width: 188px) 100vw, 188px\" \/>\t\t\t\t\t\t\t\t\t\t\t\t\t\t\t<\/div>\n\t\t\t\t<\/div>\n\t\t\t\t\t<\/div>\n\t\t<\/div>\n\t\t\t\t<div class=\"elementor-column elementor-col-50 elementor-top-column elementor-element elementor-element-94ea278\" data-id=\"94ea278\" data-element_type=\"column\">\n\t\t\t<div class=\"elementor-widget-wrap elementor-element-populated\">\n\t\t\t\t\t\t\t\t<div class=\"elementor-element elementor-element-562e1a5 elementor-widget elementor-widget-spacer\" data-id=\"562e1a5\" data-element_type=\"widget\" data-widget_type=\"spacer.default\">\n\t\t\t\t<div class=\"elementor-widget-container\">\n\t\t\t\t\t<div class=\"elementor-spacer\">\n\t\t\t<div class=\"elementor-spacer-inner\"><\/div>\n\t\t<\/div>\n\t\t\t\t<\/div>\n\t\t\t\t<\/div>\n\t\t\t\t<div class=\"elementor-element elementor-element-be2048a elementor-widget elementor-widget-heading\" data-id=\"be2048a\" data-element_type=\"widget\" data-widget_type=\"heading.default\">\n\t\t\t\t<div class=\"elementor-widget-container\">\n\t\t\t<style>\/*! elementor - v3.10.0 - 09-01-2023 *\/\n.elementor-heading-title{padding:0;margin:0;line-height:1}.elementor-widget-heading .elementor-heading-title[class*=elementor-size-]>a{color:inherit;font-size:inherit;line-height:inherit}.elementor-widget-heading .elementor-heading-title.elementor-size-small{font-size:15px}.elementor-widget-heading .elementor-heading-title.elementor-size-medium{font-size:19px}.elementor-widget-heading .elementor-heading-title.elementor-size-large{font-size:29px}.elementor-widget-heading .elementor-heading-title.elementor-size-xl{font-size:39px}.elementor-widget-heading .elementor-heading-title.elementor-size-xxl{font-size:59px}<\/style><h2 class=\"elementor-heading-title elementor-size-default\">INTRODUCCI\u00d3N A LA PSICOLOG\u00cdA JUR\u00cdDICA<\/h2>\t\t<\/div>\n\t\t\t\t<\/div>\n\t\t\t\t<div class=\"elementor-element elementor-element-df7ddbd elementor-widget elementor-widget-text-editor\" data-id=\"df7ddbd\" data-element_type=\"widget\" data-widget_type=\"text-editor.default\">\n\t\t\t\t<div class=\"elementor-widget-container\">\n\t\t\t<style>\/*! elementor - v3.10.0 - 09-01-2023 *\/\n.elementor-widget-text-editor.elementor-drop-cap-view-stacked .elementor-drop-cap{background-color:#818a91;color:#fff}.elementor-widget-text-editor.elementor-drop-cap-view-framed .elementor-drop-cap{color:#818a91;border:3px solid;background-color:transparent}.elementor-widget-text-editor:not(.elementor-drop-cap-view-default) .elementor-drop-cap{margin-top:8px}.elementor-widget-text-editor:not(.elementor-drop-cap-view-default) .elementor-drop-cap-letter{width:1em;height:1em}.elementor-widget-text-editor .elementor-drop-cap{float:left;text-align:center;line-height:1;font-size:50px}.elementor-widget-text-editor .elementor-drop-cap-letter{display:inline-block}<\/style>\t\t\t\t<p><span style=\"font-weight: 400;\"><span style=\"vertical-align: inherit;\"><span style=\"vertical-align: inherit;\"><font style=\"vertical-align: inherit;\"><font style=\"vertical-align: inherit;\"><font style=\"vertical-align: inherit;\"><font style=\"vertical-align: inherit;\">Peque\u00f1a obra que tiene por objetivo indicar especialmente a los alumnos que se inician en el&nbsp; estudio del derecho cu\u00e1l es el contenido de esta \u00e1rea del saber. <\/font><\/font><\/font><\/font><\/span><span style=\"vertical-align: inherit;\"><font style=\"vertical-align: inherit;\"><font style=\"vertical-align: inherit;\"><font style=\"vertical-align: inherit;\"><font style=\"vertical-align: inherit;\">Por eso se dedica a nociones elementales, a contenidos sencillos, as\u00ed como a la importancia de la psicolog\u00eda jur\u00eddica y, sobre todo, de la psicolog\u00eda forense, en el diario transcurrir del derecho constitucional, civil, de la infancia-adolescencia, comercial, penal y laboral.<\/font><\/font><\/font><\/font><\/span><\/span><\/span><\/p>\t\t\t\t\t\t<\/div>\n\t\t\t\t<\/div>\n\t\t\t\t\t<\/div>\n\t\t<\/div>\n\t\t\t\t\t\t\t<\/div>\n\t\t<\/section>\n\t\t\t\t\t\t\t<\/div>\n\t\t","protected":false},"excerpt":{"rendered":"<p>INTRODUCCI\u00d3N A LA PSICOLOG\u00cdA JUR\u00cdDICA Peque\u00f1a obra que tiene por objetivo indicar especialmente a los alumnos que se inician en el&nbsp; estudio del derecho cu\u00e1l es el contenido de esta \u00e1rea del saber. Por eso se dedica a nociones elementales, a contenidos sencillos, as\u00ed como a la importancia de la psicolog\u00eda jur\u00eddica y, sobre todo, [&hellip;]<\/p>\n","protected":false},"author":1,"featured_media":0,"parent":0,"menu_order":0,"comment_status":"closed","ping_status":"closed","template":"elementor_header_footer","meta":{"footnotes":""},"class_list":["post-581","page","type-page","status-publish","hentry","post"],"_links":{"self":[{"href":"https:\/\/alvaroorlandoperez.com.co\/index.php?rest_route=\/wp\/v2\/pages\/581","targetHints":{"allow":["GET"]}}],"collection":[{"href":"https:\/\/alvaroorlandoperez.com.co\/index.php?rest_route=\/wp\/v2\/pages"}],"about":[{"href":"https:\/\/alvaroorlandoperez.com.co\/index.php?rest_route=\/wp\/v2\/types\/page"}],"author":[{"embeddable":true,"href":"https:\/\/alvaroorlandoperez.com.co\/index.php?rest_route=\/wp\/v2\/users\/1"}],"replies":[{"embeddable":true,"href":"https:\/\/alvaroorlandoperez.com.co\/index.php?rest_route=%2Fwp%2Fv2%2Fcomments&post=581"}],"version-history":[{"count":12,"href":"https:\/\/alvaroorlandoperez.com.co\/index.php?rest_route=\/wp\/v2\/pages\/581\/revisions"}],"predecessor-version":[{"id":2223,"href":"https:\/\/alvaroorlandoperez.com.co\/index.php?rest_route=\/wp\/v2\/pages\/581\/revisions\/2223"}],"wp:attachment":[{"href":"https:\/\/alvaroorlandoperez.com.co\/index.php?rest_route=%2Fwp%2Fv2%2Fmedia&parent=581"}],"curies":[{"name":"wp","href":"https:\/\/api.w.org\/{rel}","templated":true}]}}